{"id":353,"date":"2019-08-12T22:11:02","date_gmt":"2019-08-12T20:11:02","guid":{"rendered":"https:\/\/plateaulachaud.fr\/?page_id=353"},"modified":"2021-10-19T21:06:26","modified_gmt":"2021-10-19T19:06:26","slug":"accueil-non-carriere-chateaugay","status":"publish","type":"page","link":"https:\/\/plateaulachaud.fr\/index.php\/accueil-non-carriere-chateaugay\/","title":{"rendered":"Accueil"},"content":{"rendered":"\n<h2 class=\"wp-block-heading\">Bienvenue sur le site de l&rsquo;association Pr\u00e9servons le plateau de Lachaud et Ch\u00e2teaugay. Non \u00e0 une nouvelle carri\u00e8re !<\/h2>\n\n\n\n<p>Non \u00e0 une nouvelle carri\u00e8re. Voici notre slogan. Voici le leitmotiv de ce site internet qui a pour but d&rsquo;informer le plus grand nombre sur les dangers de l&rsquo;implantation d&rsquo;une nouvelle carri\u00e8re de basalte sur la commune de Ch\u00e2teaugay. <\/p>\n\n\n\n<p>Ce site internet est divis\u00e9 en trois rubriques :<\/p>\n\n\n\n<ul class=\"wp-block-list\"><li><a href=\"https:\/\/plateaulachaud.fr\/index.php\/pourquoi-vont-ils-echouer\/\">Le projet<\/a><\/li><li><a href=\"https:\/\/plateaulachaud.fr\/index.php\/pourquoi-allons-nous-reussir\/\">Nos actions<\/a><\/li><li><a href=\"https:\/\/plateaulachaud.fr\/index.php\/qui-sommes-nous\/\">L&rsquo;association<\/a><\/li><\/ul>\n\n\n\n<p>La rubrique  <strong>\u00ab\u00a0Le projet\u00a0\u00bb<\/strong> pr\u00e9sente toutes les informations que l&rsquo;association a pu r\u00e9unir autour de ce projet de nouvelle carri\u00e8re \u00e0 Ch\u00e2teaugay. C&rsquo;est ici que sont r\u00e9dig\u00e9s des articles d\u00e9crivant le projet de carri\u00e8re, son avanc\u00e9e, les nuisances que cela va apporter pour la commune de Ch\u00e2teaugay mais aussi les communes avoisinantes : Malauzat, Marsat, Sayat etc.<\/p>\n\n\n\n<p>La rubrique <strong>\u00ab\u00a0Nos actions\u00a0\u00bb<\/strong> d\u00e9taille toutes les actions en cours et \u00e0 venir de la part de l&rsquo;association \u00ab\u00a0Pr\u00e9servons le plateau de Lachaud et Ch\u00e2teaugay\u00a0\u00bb. Cette rubrique regroupe les articles concernant les contacts pris par l&rsquo;association avec les d\u00e9cideurs politiques, nos actions de communications et les d\u00e9marches que l&rsquo;association effectue afin de faire annuler ce projet de nouvelle carri\u00e8re \u00e0 Ch\u00e2teaugay.<\/p>\n\n\n\n<p>Enfin la rubrique <strong>\u00ab\u00a0L&rsquo;Association\u00a0\u00bb<\/strong> permet de faire le point sur l&rsquo;association elle-m\u00eame. Les articles traitent ici de la pr\u00e9sentation du bureau,  des informations sur nos r\u00e9unions publiques, des soutiens et de l&rsquo;aide que nous pouvons recevoir dans ce projet du lutte contre ce projet de carri\u00e8re \u00e0 Ch\u00e2teaugay. Vous pouvez aussi contacter l&rsquo;association via un formulaire. Nous sommes ravis de r\u00e9pondre \u00e0 vos questions et de recevoir vos remarques.<\/p>\n\n\n\n<h2 class=\"wp-block-heading\">Un projet de carri\u00e8re gigantesque<\/h2>\n\n\n\n<p>L&rsquo;image d&rsquo;illustration est frappante. Actualis\u00e9e en septembre 2021 elle situe l&#8217;emprise des carriers sur la commune de Ch\u00e2teaugay. Et <strong>l&rsquo;influence directe<\/strong> de ce projet de carri\u00e8re<strong> sur les communes riveraines<\/strong> (Malauzat, Marsat). <strong>110 hectares<\/strong> (en rouge) <strong>dans les mains des exploitants<\/strong>, conc\u00e9d\u00e9s par la mairie de Ch\u00e2teaugay ou propri\u00e9t\u00e9s de riverains favorables au projet.<\/p>\n\n\n\n<p>Parcourez ce site, avec ses diff\u00e9rentes rubriques. Ou utilisez le menu en haut \u00e0 droite sur les mobiles, \u00e0 droite sur votre ordinateur ou tablette.<\/p>\n\n\n\n<h2 class=\"wp-block-heading\">Rejoignez l&rsquo;association<\/h2>\n\n\n\n<p>Informez-vous, renseignez-vous,  contactez-nous (<a href=\"mailto:plateaulachaud@gmail.com\"><strong>plateaulachaud@gmail.com<\/strong><\/a> ou utilisez le formulaire de contact : <strong><a href=\"https:\/\/plateaulachaud.fr\/index.php\/contactez-nous\/\">Contacter l&rsquo;association<\/a><\/strong>)<\/p>\n\n\n\n<p class=\"has-text-align-center\">Si ce projet vous <strong>INQUI\u00c8TE <\/strong><\/p>\n\n\n\n<p class=\"has-text-align-center\">c\u2019est <strong>MAINTENANT <\/strong>qu\u2019il faut <strong>AGIR.<\/strong><\/p>\n\n\n\n<p class=\"has-text-align-center\"><strong>\u201cPr\u00e9servons le plateau de Lachaud et Ch\u00e2teaugay\u201d<\/strong><\/p>\n\n\n\n<p class=\"has-text-align-center\">Rejoignez l\u2019association :&nbsp;<a rel=\"noreferrer noopener\" href=\"https:\/\/plateaulachaud.fr\/index.php\/2019\/03\/17\/nous-rejoindre\/\" target=\"_blank\"><strong>Nous rejoindre !<\/strong><\/a><\/p>\n\n\n\n<figure class=\"wp-block-image\"><img data-recalc-dims=\"1\" loading=\"lazy\" decoding=\"async\" width=\"640\" height=\"480\" src=\"https:\/\/i0.wp.com\/plateaulachaud.fr\/wp-content\/uploads\/2019\/03\/1024px-Ville_de_Ch%C3%A2teaugay.jpg?resize=640%2C480&#038;ssl=1\" alt=\"Ville de Ch\u00e2teaugay\" class=\"wp-image-35\" srcset=\"https:\/\/i0.wp.com\/plateaulachaud.fr\/wp-content\/uploads\/2019\/03\/1024px-Ville_de_Ch%C3%A2teaugay.jpg?w=1024&amp;ssl=1 1024w, https:\/\/i0.wp.com\/plateaulachaud.fr\/wp-content\/uploads\/2019\/03\/1024px-Ville_de_Ch%C3%A2teaugay.jpg?resize=300%2C225&amp;ssl=1 300w, https:\/\/i0.wp.com\/plateaulachaud.fr\/wp-content\/uploads\/2019\/03\/1024px-Ville_de_Ch%C3%A2teaugay.jpg?resize=768%2C576&amp;ssl=1 768w\" sizes=\"auto, (max-width: 640px) 100vw, 640px\" \/><figcaption>Vue g\u00e9n\u00e9rale de la ville de Ch\u00e2teaugay en 2008.\nGaMip \u2014 Travail personnel<\/figcaption><\/figure>\n","protected":false},"excerpt":{"rendered":"<p>Bienvenue sur le site de l&rsquo;association Pr\u00e9servons le plateau de Lachaud et Ch\u00e2teaugay. Non \u00e0 une nouvelle carri\u00e8re ! Non \u00e0 une nouvelle carri\u00e8re. Voici notre slogan. Voici le leitmotiv de ce site internet qui a pour but d&rsquo;informer le plus grand nombre sur les dangers de l&rsquo;implantation d&rsquo;une nouvelle carri\u00e8re de basalte sur la commune de Ch\u00e2teaugay. Ce site internet est divis\u00e9 en trois rubriques : Le projet Nos actions L&rsquo;association La rubrique \u00ab\u00a0Le projet\u00a0\u00bb pr\u00e9sente toutes les informations&#8230;<\/p>\n<p class=\"read-more\"><a class=\"btn btn-default\" href=\"https:\/\/plateaulachaud.fr\/index.php\/accueil-non-carriere-chateaugay\/\">Lire la suite<span class=\"screen-reader-text\"> Lire la suite<\/span><\/a><\/p>\n","protected":false},"author":1,"featured_media":1290,"parent":0,"menu_order":0,"comment_status":"closed","ping_status":"closed","template":"","meta":{"footnotes":""},"class_list":["post-353","page","type-page","status-publish","has-post-thumbnail","hentry"],"yoast_head":"<!-- This site is optimized with the Yoast SEO plugin v27.4 - https:\/\/yoast.com\/product\/yoast-seo-wordpress\/ -->\n<title>Accueil - Pr\u00e9servons le plateau de Lachaud et Ch\u00e2teaugay<\/title>\n<meta name=\"description\" content=\"Accueil du site de l&#039;association &quot;Pr\u00e9servons le plateau de Lachaud et Ch\u00e2teaugay&quot; qui lutte contre l&#039;implantation d&#039;une nouvelle carri\u00e8re \u00e0 Ch\u00e2teaugay.\" \/>\n<meta name=\"robots\" content=\"index, follow, max-snippet:-1, max-image-preview:large, max-video-preview:-1\" \/>\n<link rel=\"canonical\" href=\"https:\/\/plateaulachaud.fr\/index.php\/accueil-non-carriere-chateaugay\/\" \/>\n<meta property=\"og:locale\" content=\"fr_FR\" \/>\n<meta property=\"og:type\" content=\"article\" \/>\n<meta property=\"og:title\" content=\"Accueil - Pr\u00e9servons le plateau de Lachaud et Ch\u00e2teaugay\" \/>\n<meta property=\"og:description\" content=\"Accueil du site de l&#039;association &quot;Pr\u00e9servons le plateau de Lachaud et Ch\u00e2teaugay&quot; qui lutte contre l&#039;implantation d&#039;une nouvelle carri\u00e8re \u00e0 Ch\u00e2teaugay.\" \/>\n<meta property=\"og:url\" content=\"https:\/\/plateaulachaud.fr\/index.php\/accueil-non-carriere-chateaugay\/\" \/>\n<meta property=\"og:site_name\" content=\"Pr\u00e9servons le plateau de Lachaud et Ch\u00e2teaugay\" \/>\n<meta property=\"article:modified_time\" content=\"2021-10-19T19:06:26+00:00\" \/>\n<meta property=\"og:image\" content=\"https:\/\/i2.wp.com\/plateaulachaud.fr\/wp-content\/uploads\/2021\/10\/Capture-decran-Carriere-PNR-ZNIEFF-UNESCO-Zone-urbaine-RD-Nouveau.png?fit=849%2C518&ssl=1\" \/>\n\t<meta property=\"og:image:width\" content=\"849\" \/>\n\t<meta property=\"og:image:height\" content=\"518\" \/>\n\t<meta property=\"og:image:type\" content=\"image\/png\" \/>\n<meta name=\"twitter:card\" content=\"summary_large_image\" \/>\n<meta name=\"twitter:label1\" content=\"Dur\u00e9e de lecture estim\u00e9e\" \/>\n\t<meta name=\"twitter:data1\" content=\"2 minutes\" \/>\n<script type=\"application\/ld+json\" class=\"yoast-schema-graph\">{\"@context\":\"https:\\\/\\\/schema.org\",\"@graph\":[{\"@type\":\"WebPage\",\"@id\":\"https:\\\/\\\/plateaulachaud.fr\\\/index.php\\\/accueil-non-carriere-chateaugay\\\/\",\"url\":\"https:\\\/\\\/plateaulachaud.fr\\\/index.php\\\/accueil-non-carriere-chateaugay\\\/\",\"name\":\"Accueil - Pr\u00e9servons le plateau de Lachaud et Ch\u00e2teaugay\",\"isPartOf\":{\"@id\":\"https:\\\/\\\/plateaulachaud.fr\\\/#website\"},\"primaryImageOfPage\":{\"@id\":\"https:\\\/\\\/plateaulachaud.fr\\\/index.php\\\/accueil-non-carriere-chateaugay\\\/#primaryimage\"},\"image\":{\"@id\":\"https:\\\/\\\/plateaulachaud.fr\\\/index.php\\\/accueil-non-carriere-chateaugay\\\/#primaryimage\"},\"thumbnailUrl\":\"https:\\\/\\\/i0.wp.com\\\/plateaulachaud.fr\\\/wp-content\\\/uploads\\\/2021\\\/10\\\/Capture-decran-Carriere-PNR-ZNIEFF-UNESCO-Zone-urbaine-RD-Nouveau.png?fit=849%2C518&ssl=1\",\"datePublished\":\"2019-08-12T20:11:02+00:00\",\"dateModified\":\"2021-10-19T19:06:26+00:00\",\"description\":\"Accueil du site de l'association \\\"Pr\u00e9servons le plateau de Lachaud et Ch\u00e2teaugay\\\" qui lutte contre l'implantation d'une nouvelle carri\u00e8re \u00e0 Ch\u00e2teaugay.\",\"breadcrumb\":{\"@id\":\"https:\\\/\\\/plateaulachaud.fr\\\/index.php\\\/accueil-non-carriere-chateaugay\\\/#breadcrumb\"},\"inLanguage\":\"fr-FR\",\"potentialAction\":[{\"@type\":\"ReadAction\",\"target\":[\"https:\\\/\\\/plateaulachaud.fr\\\/index.php\\\/accueil-non-carriere-chateaugay\\\/\"]}]},{\"@type\":\"ImageObject\",\"inLanguage\":\"fr-FR\",\"@id\":\"https:\\\/\\\/plateaulachaud.fr\\\/index.php\\\/accueil-non-carriere-chateaugay\\\/#primaryimage\",\"url\":\"https:\\\/\\\/i0.wp.com\\\/plateaulachaud.fr\\\/wp-content\\\/uploads\\\/2021\\\/10\\\/Capture-decran-Carriere-PNR-ZNIEFF-UNESCO-Zone-urbaine-RD-Nouveau.png?fit=849%2C518&ssl=1\",\"contentUrl\":\"https:\\\/\\\/i0.wp.com\\\/plateaulachaud.fr\\\/wp-content\\\/uploads\\\/2021\\\/10\\\/Capture-decran-Carriere-PNR-ZNIEFF-UNESCO-Zone-urbaine-RD-Nouveau.png?fit=849%2C518&ssl=1\",\"width\":849,\"height\":518,\"caption\":\"Carriere-PNR-ZNIEFF-UNESCO-Zone-urbaine-RD\"},{\"@type\":\"BreadcrumbList\",\"@id\":\"https:\\\/\\\/plateaulachaud.fr\\\/index.php\\\/accueil-non-carriere-chateaugay\\\/#breadcrumb\",\"itemListElement\":[{\"@type\":\"ListItem\",\"position\":1,\"name\":\"Accueil\",\"item\":\"https:\\\/\\\/plateaulachaud.fr\\\/\"},{\"@type\":\"ListItem\",\"position\":2,\"name\":\"Accueil\"}]},{\"@type\":\"WebSite\",\"@id\":\"https:\\\/\\\/plateaulachaud.fr\\\/#website\",\"url\":\"https:\\\/\\\/plateaulachaud.fr\\\/\",\"name\":\"Pr\u00e9servons le plateau de Lachaud et Ch\u00e2teaugay\",\"description\":\"Non \u00e0 une nouvelle carri\u00e8re.\",\"publisher\":{\"@id\":\"https:\\\/\\\/plateaulachaud.fr\\\/#organization\"},\"potentialAction\":[{\"@type\":\"SearchAction\",\"target\":{\"@type\":\"EntryPoint\",\"urlTemplate\":\"https:\\\/\\\/plateaulachaud.fr\\\/?s={search_term_string}\"},\"query-input\":{\"@type\":\"PropertyValueSpecification\",\"valueRequired\":true,\"valueName\":\"search_term_string\"}}],\"inLanguage\":\"fr-FR\"},{\"@type\":\"Organization\",\"@id\":\"https:\\\/\\\/plateaulachaud.fr\\\/#organization\",\"name\":\"Pr\u00e9servons le Plateau de Lachaud et Ch\u00e2teaugay\",\"url\":\"https:\\\/\\\/plateaulachaud.fr\\\/\",\"logo\":{\"@type\":\"ImageObject\",\"inLanguage\":\"fr-FR\",\"@id\":\"https:\\\/\\\/plateaulachaud.fr\\\/#\\\/schema\\\/logo\\\/image\\\/\",\"url\":\"https:\\\/\\\/i2.wp.com\\\/plateaulachaud.fr\\\/wp-content\\\/uploads\\\/2019\\\/09\\\/Plateau-arc-en-ciel-PANO.jpg?fit=6235%2C1606&ssl=1\",\"contentUrl\":\"https:\\\/\\\/i2.wp.com\\\/plateaulachaud.fr\\\/wp-content\\\/uploads\\\/2019\\\/09\\\/Plateau-arc-en-ciel-PANO.jpg?fit=6235%2C1606&ssl=1\",\"width\":6235,\"height\":1606,\"caption\":\"Pr\u00e9servons le Plateau de Lachaud et Ch\u00e2teaugay\"},\"image\":{\"@id\":\"https:\\\/\\\/plateaulachaud.fr\\\/#\\\/schema\\\/logo\\\/image\\\/\"}}]}<\/script>\n<!-- \/ Yoast SEO plugin. -->","yoast_head_json":{"title":"Accueil - Pr\u00e9servons le plateau de Lachaud et Ch\u00e2teaugay","description":"Accueil du site de l'association \"Pr\u00e9servons le plateau de Lachaud et Ch\u00e2teaugay\" qui lutte contre l'implantation d'une nouvelle carri\u00e8re \u00e0 Ch\u00e2teaugay.","robots":{"index":"index","follow":"follow","max-snippet":"max-snippet:-1","max-image-preview":"max-image-preview:large","max-video-preview":"max-video-preview:-1"},"canonical":"https:\/\/plateaulachaud.fr\/index.php\/accueil-non-carriere-chateaugay\/","og_locale":"fr_FR","og_type":"article","og_title":"Accueil - Pr\u00e9servons le plateau de Lachaud et Ch\u00e2teaugay","og_description":"Accueil du site de l'association \"Pr\u00e9servons le plateau de Lachaud et Ch\u00e2teaugay\" qui lutte contre l'implantation d'une nouvelle carri\u00e8re \u00e0 Ch\u00e2teaugay.","og_url":"https:\/\/plateaulachaud.fr\/index.php\/accueil-non-carriere-chateaugay\/","og_site_name":"Pr\u00e9servons le plateau de Lachaud et Ch\u00e2teaugay","article_modified_time":"2021-10-19T19:06:26+00:00","og_image":[{"width":849,"height":518,"url":"https:\/\/i2.wp.com\/plateaulachaud.fr\/wp-content\/uploads\/2021\/10\/Capture-decran-Carriere-PNR-ZNIEFF-UNESCO-Zone-urbaine-RD-Nouveau.png?fit=849%2C518&ssl=1","type":"image\/png"}],"twitter_card":"summary_large_image","twitter_misc":{"Dur\u00e9e de lecture estim\u00e9e":"2 minutes"},"schema":{"@context":"https:\/\/schema.org","@graph":[{"@type":"WebPage","@id":"https:\/\/plateaulachaud.fr\/index.php\/accueil-non-carriere-chateaugay\/","url":"https:\/\/plateaulachaud.fr\/index.php\/accueil-non-carriere-chateaugay\/","name":"Accueil - Pr\u00e9servons le plateau de Lachaud et Ch\u00e2teaugay","isPartOf":{"@id":"https:\/\/plateaulachaud.fr\/#website"},"primaryImageOfPage":{"@id":"https:\/\/plateaulachaud.fr\/index.php\/accueil-non-carriere-chateaugay\/#primaryimage"},"image":{"@id":"https:\/\/plateaulachaud.fr\/index.php\/accueil-non-carriere-chateaugay\/#primaryimage"},"thumbnailUrl":"https:\/\/i0.wp.com\/plateaulachaud.fr\/wp-content\/uploads\/2021\/10\/Capture-decran-Carriere-PNR-ZNIEFF-UNESCO-Zone-urbaine-RD-Nouveau.png?fit=849%2C518&ssl=1","datePublished":"2019-08-12T20:11:02+00:00","dateModified":"2021-10-19T19:06:26+00:00","description":"Accueil du site de l'association \"Pr\u00e9servons le plateau de Lachaud et Ch\u00e2teaugay\" qui lutte contre l'implantation d'une nouvelle carri\u00e8re \u00e0 Ch\u00e2teaugay.","breadcrumb":{"@id":"https:\/\/plateaulachaud.fr\/index.php\/accueil-non-carriere-chateaugay\/#breadcrumb"},"inLanguage":"fr-FR","potentialAction":[{"@type":"ReadAction","target":["https:\/\/plateaulachaud.fr\/index.php\/accueil-non-carriere-chateaugay\/"]}]},{"@type":"ImageObject","inLanguage":"fr-FR","@id":"https:\/\/plateaulachaud.fr\/index.php\/accueil-non-carriere-chateaugay\/#primaryimage","url":"https:\/\/i0.wp.com\/plateaulachaud.fr\/wp-content\/uploads\/2021\/10\/Capture-decran-Carriere-PNR-ZNIEFF-UNESCO-Zone-urbaine-RD-Nouveau.png?fit=849%2C518&ssl=1","contentUrl":"https:\/\/i0.wp.com\/plateaulachaud.fr\/wp-content\/uploads\/2021\/10\/Capture-decran-Carriere-PNR-ZNIEFF-UNESCO-Zone-urbaine-RD-Nouveau.png?fit=849%2C518&ssl=1","width":849,"height":518,"caption":"Carriere-PNR-ZNIEFF-UNESCO-Zone-urbaine-RD"},{"@type":"BreadcrumbList","@id":"https:\/\/plateaulachaud.fr\/index.php\/accueil-non-carriere-chateaugay\/#breadcrumb","itemListElement":[{"@type":"ListItem","position":1,"name":"Accueil","item":"https:\/\/plateaulachaud.fr\/"},{"@type":"ListItem","position":2,"name":"Accueil"}]},{"@type":"WebSite","@id":"https:\/\/plateaulachaud.fr\/#website","url":"https:\/\/plateaulachaud.fr\/","name":"Pr\u00e9servons le plateau de Lachaud et Ch\u00e2teaugay","description":"Non \u00e0 une nouvelle carri\u00e8re.","publisher":{"@id":"https:\/\/plateaulachaud.fr\/#organization"},"potentialAction":[{"@type":"SearchAction","target":{"@type":"EntryPoint","urlTemplate":"https:\/\/plateaulachaud.fr\/?s={search_term_string}"},"query-input":{"@type":"PropertyValueSpecification","valueRequired":true,"valueName":"search_term_string"}}],"inLanguage":"fr-FR"},{"@type":"Organization","@id":"https:\/\/plateaulachaud.fr\/#organization","name":"Pr\u00e9servons le Plateau de Lachaud et Ch\u00e2teaugay","url":"https:\/\/plateaulachaud.fr\/","logo":{"@type":"ImageObject","inLanguage":"fr-FR","@id":"https:\/\/plateaulachaud.fr\/#\/schema\/logo\/image\/","url":"https:\/\/i2.wp.com\/plateaulachaud.fr\/wp-content\/uploads\/2019\/09\/Plateau-arc-en-ciel-PANO.jpg?fit=6235%2C1606&ssl=1","contentUrl":"https:\/\/i2.wp.com\/plateaulachaud.fr\/wp-content\/uploads\/2019\/09\/Plateau-arc-en-ciel-PANO.jpg?fit=6235%2C1606&ssl=1","width":6235,"height":1606,"caption":"Pr\u00e9servons le Plateau de Lachaud et Ch\u00e2teaugay"},"image":{"@id":"https:\/\/plateaulachaud.fr\/#\/schema\/logo\/image\/"}}]}},"jetpack_sharing_enabled":true,"_links":{"self":[{"href":"https:\/\/plateaulachaud.fr\/index.php\/wp-json\/wp\/v2\/pages\/353","targetHints":{"allow":["GET"]}}],"collection":[{"href":"https:\/\/plateaulachaud.fr\/index.php\/wp-json\/wp\/v2\/pages"}],"about":[{"href":"https:\/\/plateaulachaud.fr\/index.php\/wp-json\/wp\/v2\/types\/page"}],"author":[{"embeddable":true,"href":"https:\/\/plateaulachaud.fr\/index.php\/wp-json\/wp\/v2\/users\/1"}],"replies":[{"embeddable":true,"href":"https:\/\/plateaulachaud.fr\/index.php\/wp-json\/wp\/v2\/comments?post=353"}],"version-history":[{"count":12,"href":"https:\/\/plateaulachaud.fr\/index.php\/wp-json\/wp\/v2\/pages\/353\/revisions"}],"predecessor-version":[{"id":1295,"href":"https:\/\/plateaulachaud.fr\/index.php\/wp-json\/wp\/v2\/pages\/353\/revisions\/1295"}],"wp:featuredmedia":[{"embeddable":true,"href":"https:\/\/plateaulachaud.fr\/index.php\/wp-json\/wp\/v2\/media\/1290"}],"wp:attachment":[{"href":"https:\/\/plateaulachaud.fr\/index.php\/wp-json\/wp\/v2\/media?parent=353"}],"curies":[{"name":"wp","href":"https:\/\/api.w.org\/{rel}","templated":true}]}}