{"id":3,"date":"2019-03-17T20:23:24","date_gmt":"2019-03-17T19:23:24","guid":{"rendered":"https:\/\/plateaulachaud.fr\/?page_id=3"},"modified":"2019-07-25T21:11:30","modified_gmt":"2019-07-25T19:11:30","slug":"politique-de-confidentialite","status":"publish","type":"page","link":"https:\/\/plateaulachaud.fr\/index.php\/politique-de-confidentialite\/","title":{"rendered":"Politique de confidentialit\u00e9"},"content":{"rendered":"<h2>Qui sommes-nous\u00a0?<\/h2>\n<p>Nous sommes l&rsquo;association de type loi 1901 \u00ab\u00a0Pr\u00e9servons le plateau de Lachaud et Ch\u00e2teaugay\u00a0\u00bb<\/p>\n<p>L&rsquo;association est une mobilisation citoyenne ayant\u00a0pour mission de pr\u00e9server l&rsquo;environnement et la qualit\u00e9 de vie\u00a0des riverains de Ch\u00e2teaugay et des communes limitrophes\u00a0en s&rsquo;opposant \u00e0 un projet de carri\u00e8re sur le Plateau de Lachaud \u00e0 Ch\u00e2teaugay.<\/p>\n<p>L\u2019adresse de notre site Web est\u00a0: https:\/\/plateaulachaud.fr.<\/p>\n<p>Le site est h\u00e9berg\u00e9 via le service OVH.<\/p>\n<p>Le service \u00ab OVH \u00bb offre des solutions de cloud public et priv\u00e9, des serveurs d\u00e9di\u00e9s, de l\u2019h\u00e9bergement mutualis\u00e9, du housing (ou colocation), de l\u2019enregistrement de noms de domaines, de la fourniture d&rsquo;acc\u00e8s Internet par lignes ADSL,\u00a0VDSL,\u00a0SDSL\u00a0et fibre, ainsi que de la\u00a0t\u00e9l\u00e9phonie sur IP (source Wikip\u00e9dia).<\/p>\n<h2>Utilisation des donn\u00e9es personnelles collect\u00e9es<\/h2>\n<h3>Commentaires<\/h3>\n<p>Les commentaires sont d\u00e9sactiv\u00e9s sur le site https:\/\/plateaulachaud.fr.<\/p>\n<h3>Cookies<\/h3>\n<p>Le site\u00a0https:\/\/plateaulachaud.fr n&rsquo;utilise pas de cookies traceurs ou de cookies stockant des donn\u00e9es personnelles.<\/p>\n<h3>Contenu embarqu\u00e9 depuis d\u2019autres sites<\/h3>\n<p>Les articles de ce site peuvent inclure des contenus int\u00e9gr\u00e9s (par exemple des vid\u00e9os, images, articles\u2026). Le contenu int\u00e9gr\u00e9 depuis d\u2019autres sites se comporte de la m\u00eame mani\u00e8re que si le visiteur se rendait sur cet autre site.<\/p>\n<p>Ces sites web pourraient collecter des donn\u00e9es sur vous, utiliser des cookies, embarquer des outils de suivis tiers, suivre vos interactions avec ces contenus embarqu\u00e9s si vous disposez d\u2019un compte connect\u00e9 sur leur site web.<\/p>\n<h3>Statistiques et mesures d\u2019audience<\/h3>\n<p>La mesure d&rsquo;audience est assur\u00e9e via :\u00a0http:\/\/st.free.fr<\/p>\n<h2>Utilisation et transmission de vos donn\u00e9es personnelles<\/h2>\n<h2>Dur\u00e9es de stockage de vos donn\u00e9es<\/h2>\n<p>Pour les utilisateurs et utilisatrices qui s\u2019enregistrent sur notre site (si cela est possible), nous stockons \u00e9galement les donn\u00e9es personnelles indiqu\u00e9es dans leur profil. Tous les utilisateurs et utilisatrices peuvent voir, modifier ou supprimer leurs informations personnelles \u00e0 tout moment (\u00e0 l\u2019exception de leur nom d\u2019utilisateur\u00b7ice). Les gestionnaires du site peuvent aussi voir et modifier ces informations.<\/p>\n<h2>Les droits que vous avez sur vos donn\u00e9es<\/h2>\n<p>Si vous avez un compte ou si vous avez laiss\u00e9 des commentaires sur le site, vous pouvez demander \u00e0 recevoir un fichier contenant toutes les donn\u00e9es personnelles que nous poss\u00e9dons \u00e0 votre sujet, incluant celles que vous nous avez fournies. Vous pouvez \u00e9galement demander la suppression des donn\u00e9es personnelles vous concernant. Cela ne prend pas en compte les donn\u00e9es stock\u00e9es \u00e0 des fins administratives, l\u00e9gales ou pour des raisons de s\u00e9curit\u00e9.<\/p>\n<h2>Transmission de vos donn\u00e9es personnelles<\/h2>\n<p>Les commentaires des visiteurs peuvent \u00eatre v\u00e9rifi\u00e9s \u00e0 l\u2019aide d\u2019un service automatis\u00e9 de d\u00e9tection des commentaires ind\u00e9sirables.<\/p>\n<h2>Informations de contact<\/h2>\n<p><i>Pour les personnes morales :<\/i><br \/>\nLe site <a href=\"https:\/\/plateaulachaud.fr\">plateaulachaud.fr <\/a>est \u00e9dit\u00e9 par l&rsquo;association type loi 1901 \u00ab\u00a0Pr\u00e9servons le plateau de Lachaud et Chateaugay\u00a0\u00bb<\/p>\n<p>L&rsquo;association est repr\u00e9sent\u00e9e par Jacques Belin.<\/p>\n<p><i>Pour les personnes physiques : <\/i><br \/>\nLe site plateaulachaud.fr est \u00e9dit\u00e9 par Sapet Fr\u00e9d\u00e9ric, domicili\u00e9 au 54 rue du Champ de la Baume 63119 Ch\u00e2teaugay.<\/p>\n<h2>Informations suppl\u00e9mentaires<\/h2>\n<h3>Comment nous prot\u00e9geons vos donn\u00e9es<\/h3>\n<p>Nous ne les collectons pas ! Nous avons d\u00e9cid\u00e9 de ne pas autoriser les commentaires sur les articles. Venez plut\u00f4t nous faire part de vos remarques lors de nos r\u00e9unions publiques.<\/p>\n<h3>Proc\u00e9dures mises en \u0153uvre en cas de fuite de donn\u00e9es<\/h3>\n<p>Aucune donn\u00e9e personnelle n&rsquo;est collect\u00e9e.<\/p>\n<h3>Les services tiers qui nous transmettent des donn\u00e9es<\/h3>\n<p>Aucun service tiers ne nous transmet des donn\u00e9es.<\/p>\n","protected":false},"excerpt":{"rendered":"<p>Qui sommes-nous\u00a0? Nous sommes l&rsquo;association de type loi 1901 \u00ab\u00a0Pr\u00e9servons le plateau de Lachaud et Ch\u00e2teaugay\u00a0\u00bb L&rsquo;association est une mobilisation citoyenne ayant\u00a0pour mission de pr\u00e9server l&rsquo;environnement et la qualit\u00e9 de vie\u00a0des riverains de Ch\u00e2teaugay et des communes limitrophes\u00a0en s&rsquo;opposant \u00e0 un projet de carri\u00e8re sur le Plateau de Lachaud \u00e0 Ch\u00e2teaugay. L\u2019adresse de notre site Web est\u00a0: https:\/\/plateaulachaud.fr. Le site est h\u00e9berg\u00e9 via le service OVH. Le service \u00ab OVH \u00bb offre des solutions de cloud public et priv\u00e9, des&#8230;<\/p>\n<p class=\"read-more\"><a class=\"btn btn-default\" href=\"https:\/\/plateaulachaud.fr\/index.php\/politique-de-confidentialite\/\">Lire la suite<span class=\"screen-reader-text\"> Lire la suite<\/span><\/a><\/p>\n","protected":false},"author":1,"featured_media":0,"parent":0,"menu_order":0,"comment_status":"closed","ping_status":"open","template":"","meta":{"footnotes":""},"class_list":["post-3","page","type-page","status-publish","hentry"],"yoast_head":"<!-- This site is optimized with the Yoast SEO plugin v27.5 - https:\/\/yoast.com\/product\/yoast-seo-wordpress\/ -->\n<title>Politique de confidentialit\u00e9 - Pr\u00e9servons le plateau de Lachaud et Ch\u00e2teaugay<\/title>\n<meta name=\"robots\" content=\"index, follow, max-snippet:-1, max-image-preview:large, max-video-preview:-1\" \/>\n<link rel=\"canonical\" href=\"https:\/\/plateaulachaud.fr\/index.php\/politique-de-confidentialite\/\" \/>\n<meta property=\"og:locale\" content=\"fr_FR\" \/>\n<meta property=\"og:type\" content=\"article\" \/>\n<meta property=\"og:title\" content=\"Politique de confidentialit\u00e9 - Pr\u00e9servons le plateau de Lachaud et Ch\u00e2teaugay\" \/>\n<meta property=\"og:description\" content=\"Qui sommes-nous\u00a0? Nous sommes l&rsquo;association de type loi 1901 \u00ab\u00a0Pr\u00e9servons le plateau de Lachaud et Ch\u00e2teaugay\u00a0\u00bb L&rsquo;association est une mobilisation citoyenne ayant\u00a0pour mission de pr\u00e9server l&rsquo;environnement et la qualit\u00e9 de vie\u00a0des riverains de Ch\u00e2teaugay et des communes limitrophes\u00a0en s&rsquo;opposant \u00e0 un projet de carri\u00e8re sur le Plateau de Lachaud \u00e0 Ch\u00e2teaugay. L\u2019adresse de notre site Web est\u00a0: https:\/\/plateaulachaud.fr. Le site est h\u00e9berg\u00e9 via le service OVH. Le service \u00ab OVH \u00bb offre des solutions de cloud public et priv\u00e9, des...Lire la suite Lire la suite\" \/>\n<meta property=\"og:url\" content=\"https:\/\/plateaulachaud.fr\/index.php\/politique-de-confidentialite\/\" \/>\n<meta property=\"og:site_name\" content=\"Pr\u00e9servons le plateau de Lachaud et Ch\u00e2teaugay\" \/>\n<meta property=\"article:modified_time\" content=\"2019-07-25T19:11:30+00:00\" \/>\n<meta name=\"twitter:card\" content=\"summary_large_image\" \/>\n<meta name=\"twitter:label1\" content=\"Dur\u00e9e de lecture estim\u00e9e\" \/>\n\t<meta name=\"twitter:data1\" content=\"3 minutes\" \/>\n<script type=\"application\/ld+json\" class=\"yoast-schema-graph\">{\"@context\":\"https:\\\/\\\/schema.org\",\"@graph\":[{\"@type\":\"WebPage\",\"@id\":\"https:\\\/\\\/plateaulachaud.fr\\\/index.php\\\/politique-de-confidentialite\\\/\",\"url\":\"https:\\\/\\\/plateaulachaud.fr\\\/index.php\\\/politique-de-confidentialite\\\/\",\"name\":\"Politique de confidentialit\u00e9 - Pr\u00e9servons le plateau de Lachaud et Ch\u00e2teaugay\",\"isPartOf\":{\"@id\":\"https:\\\/\\\/plateaulachaud.fr\\\/#website\"},\"datePublished\":\"2019-03-17T19:23:24+00:00\",\"dateModified\":\"2019-07-25T19:11:30+00:00\",\"breadcrumb\":{\"@id\":\"https:\\\/\\\/plateaulachaud.fr\\\/index.php\\\/politique-de-confidentialite\\\/#breadcrumb\"},\"inLanguage\":\"fr-FR\",\"potentialAction\":[{\"@type\":\"ReadAction\",\"target\":[\"https:\\\/\\\/plateaulachaud.fr\\\/index.php\\\/politique-de-confidentialite\\\/\"]}]},{\"@type\":\"BreadcrumbList\",\"@id\":\"https:\\\/\\\/plateaulachaud.fr\\\/index.php\\\/politique-de-confidentialite\\\/#breadcrumb\",\"itemListElement\":[{\"@type\":\"ListItem\",\"position\":1,\"name\":\"Accueil\",\"item\":\"https:\\\/\\\/plateaulachaud.fr\\\/\"},{\"@type\":\"ListItem\",\"position\":2,\"name\":\"Politique de confidentialit\u00e9\"}]},{\"@type\":\"WebSite\",\"@id\":\"https:\\\/\\\/plateaulachaud.fr\\\/#website\",\"url\":\"https:\\\/\\\/plateaulachaud.fr\\\/\",\"name\":\"Pr\u00e9servons le plateau de Lachaud et Ch\u00e2teaugay\",\"description\":\"Non \u00e0 une nouvelle carri\u00e8re.\",\"publisher\":{\"@id\":\"https:\\\/\\\/plateaulachaud.fr\\\/#organization\"},\"potentialAction\":[{\"@type\":\"SearchAction\",\"target\":{\"@type\":\"EntryPoint\",\"urlTemplate\":\"https:\\\/\\\/plateaulachaud.fr\\\/?s={search_term_string}\"},\"query-input\":{\"@type\":\"PropertyValueSpecification\",\"valueRequired\":true,\"valueName\":\"search_term_string\"}}],\"inLanguage\":\"fr-FR\"},{\"@type\":\"Organization\",\"@id\":\"https:\\\/\\\/plateaulachaud.fr\\\/#organization\",\"name\":\"Pr\u00e9servons le Plateau de Lachaud et Ch\u00e2teaugay\",\"url\":\"https:\\\/\\\/plateaulachaud.fr\\\/\",\"logo\":{\"@type\":\"ImageObject\",\"inLanguage\":\"fr-FR\",\"@id\":\"https:\\\/\\\/plateaulachaud.fr\\\/#\\\/schema\\\/logo\\\/image\\\/\",\"url\":\"https:\\\/\\\/i2.wp.com\\\/plateaulachaud.fr\\\/wp-content\\\/uploads\\\/2019\\\/09\\\/Plateau-arc-en-ciel-PANO.jpg?fit=6235%2C1606&ssl=1\",\"contentUrl\":\"https:\\\/\\\/i2.wp.com\\\/plateaulachaud.fr\\\/wp-content\\\/uploads\\\/2019\\\/09\\\/Plateau-arc-en-ciel-PANO.jpg?fit=6235%2C1606&ssl=1\",\"width\":6235,\"height\":1606,\"caption\":\"Pr\u00e9servons le Plateau de Lachaud et Ch\u00e2teaugay\"},\"image\":{\"@id\":\"https:\\\/\\\/plateaulachaud.fr\\\/#\\\/schema\\\/logo\\\/image\\\/\"}}]}<\/script>\n<!-- \/ Yoast SEO plugin. -->","yoast_head_json":{"title":"Politique de confidentialit\u00e9 - Pr\u00e9servons le plateau de Lachaud et Ch\u00e2teaugay","robots":{"index":"index","follow":"follow","max-snippet":"max-snippet:-1","max-image-preview":"max-image-preview:large","max-video-preview":"max-video-preview:-1"},"canonical":"https:\/\/plateaulachaud.fr\/index.php\/politique-de-confidentialite\/","og_locale":"fr_FR","og_type":"article","og_title":"Politique de confidentialit\u00e9 - Pr\u00e9servons le plateau de Lachaud et Ch\u00e2teaugay","og_description":"Qui sommes-nous\u00a0? Nous sommes l&rsquo;association de type loi 1901 \u00ab\u00a0Pr\u00e9servons le plateau de Lachaud et Ch\u00e2teaugay\u00a0\u00bb L&rsquo;association est une mobilisation citoyenne ayant\u00a0pour mission de pr\u00e9server l&rsquo;environnement et la qualit\u00e9 de vie\u00a0des riverains de Ch\u00e2teaugay et des communes limitrophes\u00a0en s&rsquo;opposant \u00e0 un projet de carri\u00e8re sur le Plateau de Lachaud \u00e0 Ch\u00e2teaugay. L\u2019adresse de notre site Web est\u00a0: https:\/\/plateaulachaud.fr. Le site est h\u00e9berg\u00e9 via le service OVH. Le service \u00ab OVH \u00bb offre des solutions de cloud public et priv\u00e9, des...Lire la suite Lire la suite","og_url":"https:\/\/plateaulachaud.fr\/index.php\/politique-de-confidentialite\/","og_site_name":"Pr\u00e9servons le plateau de Lachaud et Ch\u00e2teaugay","article_modified_time":"2019-07-25T19:11:30+00:00","twitter_card":"summary_large_image","twitter_misc":{"Dur\u00e9e de lecture estim\u00e9e":"3 minutes"},"schema":{"@context":"https:\/\/schema.org","@graph":[{"@type":"WebPage","@id":"https:\/\/plateaulachaud.fr\/index.php\/politique-de-confidentialite\/","url":"https:\/\/plateaulachaud.fr\/index.php\/politique-de-confidentialite\/","name":"Politique de confidentialit\u00e9 - Pr\u00e9servons le plateau de Lachaud et Ch\u00e2teaugay","isPartOf":{"@id":"https:\/\/plateaulachaud.fr\/#website"},"datePublished":"2019-03-17T19:23:24+00:00","dateModified":"2019-07-25T19:11:30+00:00","breadcrumb":{"@id":"https:\/\/plateaulachaud.fr\/index.php\/politique-de-confidentialite\/#breadcrumb"},"inLanguage":"fr-FR","potentialAction":[{"@type":"ReadAction","target":["https:\/\/plateaulachaud.fr\/index.php\/politique-de-confidentialite\/"]}]},{"@type":"BreadcrumbList","@id":"https:\/\/plateaulachaud.fr\/index.php\/politique-de-confidentialite\/#breadcrumb","itemListElement":[{"@type":"ListItem","position":1,"name":"Accueil","item":"https:\/\/plateaulachaud.fr\/"},{"@type":"ListItem","position":2,"name":"Politique de confidentialit\u00e9"}]},{"@type":"WebSite","@id":"https:\/\/plateaulachaud.fr\/#website","url":"https:\/\/plateaulachaud.fr\/","name":"Pr\u00e9servons le plateau de Lachaud et Ch\u00e2teaugay","description":"Non \u00e0 une nouvelle carri\u00e8re.","publisher":{"@id":"https:\/\/plateaulachaud.fr\/#organization"},"potentialAction":[{"@type":"SearchAction","target":{"@type":"EntryPoint","urlTemplate":"https:\/\/plateaulachaud.fr\/?s={search_term_string}"},"query-input":{"@type":"PropertyValueSpecification","valueRequired":true,"valueName":"search_term_string"}}],"inLanguage":"fr-FR"},{"@type":"Organization","@id":"https:\/\/plateaulachaud.fr\/#organization","name":"Pr\u00e9servons le Plateau de Lachaud et Ch\u00e2teaugay","url":"https:\/\/plateaulachaud.fr\/","logo":{"@type":"ImageObject","inLanguage":"fr-FR","@id":"https:\/\/plateaulachaud.fr\/#\/schema\/logo\/image\/","url":"https:\/\/i2.wp.com\/plateaulachaud.fr\/wp-content\/uploads\/2019\/09\/Plateau-arc-en-ciel-PANO.jpg?fit=6235%2C1606&ssl=1","contentUrl":"https:\/\/i2.wp.com\/plateaulachaud.fr\/wp-content\/uploads\/2019\/09\/Plateau-arc-en-ciel-PANO.jpg?fit=6235%2C1606&ssl=1","width":6235,"height":1606,"caption":"Pr\u00e9servons le Plateau de Lachaud et Ch\u00e2teaugay"},"image":{"@id":"https:\/\/plateaulachaud.fr\/#\/schema\/logo\/image\/"}}]}},"jetpack_sharing_enabled":true,"_links":{"self":[{"href":"https:\/\/plateaulachaud.fr\/index.php\/wp-json\/wp\/v2\/pages\/3","targetHints":{"allow":["GET"]}}],"collection":[{"href":"https:\/\/plateaulachaud.fr\/index.php\/wp-json\/wp\/v2\/pages"}],"about":[{"href":"https:\/\/plateaulachaud.fr\/index.php\/wp-json\/wp\/v2\/types\/page"}],"author":[{"embeddable":true,"href":"https:\/\/plateaulachaud.fr\/index.php\/wp-json\/wp\/v2\/users\/1"}],"replies":[{"embeddable":true,"href":"https:\/\/plateaulachaud.fr\/index.php\/wp-json\/wp\/v2\/comments?post=3"}],"version-history":[{"count":6,"href":"https:\/\/plateaulachaud.fr\/index.php\/wp-json\/wp\/v2\/pages\/3\/revisions"}],"predecessor-version":[{"id":309,"href":"https:\/\/plateaulachaud.fr\/index.php\/wp-json\/wp\/v2\/pages\/3\/revisions\/309"}],"wp:attachment":[{"href":"https:\/\/plateaulachaud.fr\/index.php\/wp-json\/wp\/v2\/media?parent=3"}],"curies":[{"name":"wp","href":"https:\/\/api.w.org\/{rel}","templated":true}]}}